{"id":73,"date":"2018-10-23T08:32:35","date_gmt":"2018-10-23T08:32:35","guid":{"rendered":"https:\/\/futuriodemos.com\/default-demo\/?page_id=72"},"modified":"2024-08-07T12:21:40","modified_gmt":"2024-08-07T10:21:40","slug":"mentions","status":"publish","type":"page","link":"https:\/\/latelierdetom.fr\/index.php\/mentions\/","title":{"rendered":"Mentions l\u00e9gales"},"content":{"rendered":"\t\t<div data-elementor-type=\"wp-post\" data-elementor-id=\"73\" class=\"elementor elementor-73\">\n\t\t\t\t\t\t<section class=\"elementor-section elementor-top-section elementor-element elementor-element-e418a57 elementor-section-stretched elementor-section-content-middle elementor-section-height-full elementor-section-boxed elementor-section-height-default elementor-section-items-middle wpr-particle-no wpr-jarallax-no wpr-parallax-no wpr-sticky-section-no wpr-equal-height-no\" data-id=\"e418a57\" data-element_type=\"section\" data-settings=\"{&quot;stretch_section&quot;:&quot;section-stretched&quot;,&quot;background_background&quot;:&quot;classic&quot;}\">\n\t\t\t\t\t\t<div class=\"elementor-container elementor-column-gap-default\">\n\t\t\t\t\t<div class=\"elementor-column elementor-col-100 elementor-top-column elementor-element elementor-element-010629f elementor-invisible\" data-id=\"010629f\" data-element_type=\"column\" data-settings=\"{&quot;animation&quot;:&quot;slideInLeft&quot;}\">\n\t\t\t<div class=\"elementor-widget-wrap elementor-element-populated\">\n\t\t\t\t\t\t<section class=\"elementor-section elementor-inner-section elementor-element elementor-element-6cce9d5 elementor-section-boxed elementor-section-height-default elementor-section-height-default wpr-particle-no wpr-jarallax-no wpr-parallax-no wpr-sticky-section-no wpr-equal-height-no\" data-id=\"6cce9d5\" data-element_type=\"section\" data-settings=\"{&quot;background_background&quot;:&quot;classic&quot;}\">\n\t\t\t\t\t\t<div class=\"elementor-container elementor-column-gap-default\">\n\t\t\t\t\t<div class=\"elementor-column elementor-col-100 elementor-inner-column elementor-element elementor-element-9a08bc5\" data-id=\"9a08bc5\" data-element_type=\"column\">\n\t\t\t<div class=\"elementor-widget-wrap elementor-element-populated\">\n\t\t\t\t\t\t<div class=\"elementor-element elementor-element-f81ab46 elementor-widget elementor-widget-heading\" data-id=\"f81ab46\" data-element_type=\"widget\" data-widget_type=\"heading.default\">\n\t\t\t\t<div class=\"elementor-widget-container\">\n\t\t\t<h2 class=\"elementor-heading-title elementor-size-default\">Mentions l\u00e9gales<\/h2>\t\t<\/div>\n\t\t\t\t<\/div>\n\t\t\t\t\t<\/div>\n\t\t<\/div>\n\t\t\t\t\t<\/div>\n\t\t<\/section>\n\t\t\t\t<div class=\"elementor-element elementor-element-a159b51 elementor-widget elementor-widget-text-editor\" data-id=\"a159b51\" data-element_type=\"widget\" data-widget_type=\"text-editor.default\">\n\t\t\t\t<div class=\"elementor-widget-container\">\n\t\t\t\t\t\t\t<p><span style=\"text-decoration-line: underline;\"><span style=\"font-weight: bolder;\">L&#8217;atelier de Tom<\/span><\/span><\/p><p>Directeur de publication :\u00a0<span style=\"font-weight: bolder;\"><em>Mr Durand Thomas<br \/><\/em><\/span>N\u00b0 siren : 853 964 179 &#8211; Commerce et r\u00e9paration de motocycles (4540Z)<\/p><p>Site web: <em>www.latelierdetom.fr<\/em><br \/>Email: <em>contact@latelierdetom.com<\/em><br \/>Num\u00e9ro de t\u00e9l\u00e9phone : +33<span style=\"font-weight: bolder;\">(0)9.83.05.95.18<\/span><br \/>Adresse :\u00a0<span style=\"font-weight: bolder;\">3, rue du Menhir &#8211; <\/span><span style=\"font-weight: bolder;\">29120 Pont l&#8217;Abb\u00e9<\/span><\/p><div><span style=\"text-decoration: underline;\"><strong>H\u00e9bergement :<\/strong><br \/><\/span><\/div><div style=\"transition: background .3s,border .3s,border-radius .3s,box-shadow .3s,transform var(--e-transform-transition-duration,.4s);\"><p>Ce site est h\u00e9berg\u00e9 par la soci\u00e9t\u00e9 OVH :\u00a0<a style=\"color: #337ab7;\" href=\"http:\/\/www.ovh.com\/\" target=\"_blank\" rel=\"noopener\">http:\/\/www.ovh.com<\/a><br \/>Le nom de domaine est h\u00e9berg\u00e9 par la soci\u00e9t\u00e9 OVH :\u00a0<a style=\"color: #337ab7;\" href=\"http:\/\/www.ovh.com%20arget=\/\">http:\/\/www.ovh.com<\/a><br \/>OVH SAS au capital de 10 069 020 \u20ac RCS Lille M\u00e9tropole 424 761 419 00045<br \/>Si\u00e8ge social : 2 rue Kellermann &#8211; 59100 Roubaix &#8211; France.<\/p><p class=\"title\"><strong><span style=\"text-decoration: underline;\">Conditions d&#8217;utilisation :<\/span><\/strong><\/p><p>Le site accessible par l&#8217;url suivante :\u00a0<a href=\"https:\/\/propal.net\/\">https:\/\/latelierdetom.fr<\/a> est exploit\u00e9 dans le respect de la l\u00e9gislation fran\u00e7aise.<br \/>L&#8217;utilisation de ce site est r\u00e9gie par les pr\u00e9sentes conditions g\u00e9n\u00e9rales.<br \/>En utilisant le site, vous reconnaissez avoir pris connaissance de ces conditions et les avoir accept\u00e9es.<br \/>Celles-ci pourront \u00eatres modifi\u00e9es \u00e0 tout moment et sans pr\u00e9avis par la soci\u00e9t\u00e9 L&#8217;atelier de Tom.<br \/>L&#8217;atelier de Tom ne saurait \u00eatre tenue pour responsable en aucune mani\u00e8re d\u2019une mauvaise utilisation du service.<\/p><\/div>\t\t\t\t\t\t<\/div>\n\t\t\t\t<\/div>\n\t\t\t\t<div class=\"elementor-element elementor-element-89bcdf7 elementor-align-center elementor-widget elementor-widget-button\" data-id=\"89bcdf7\" data-element_type=\"widget\" data-widget_type=\"button.default\">\n\t\t\t\t<div class=\"elementor-widget-container\">\n\t\t\t\t\t<div class=\"elementor-button-wrapper\">\n\t\t\t<a class=\"elementor-button elementor-button-link elementor-size-sm\" href=\"https:\/\/latelierdetom.fr\/\">\n\t\t\t\t\t\t<span class=\"elementor-button-content-wrapper\">\n\t\t\t\t\t\t\t\t\t<span class=\"elementor-button-text\">L'atelier de Tom<\/span>\n\t\t\t\t\t<\/span>\n\t\t\t\t\t<\/a>\n\t\t<\/div>\n\t\t\t\t<\/div>\n\t\t\t\t<\/div>\n\t\t\t\t<div class=\"elementor-element elementor-element-292dd28 elementor-widget elementor-widget-spacer\" data-id=\"292dd28\" data-element_type=\"widget\" data-widget_type=\"spacer.default\">\n\t\t\t\t<div class=\"elementor-widget-container\">\n\t\t\t\t\t<div class=\"elementor-spacer\">\n\t\t\t<div class=\"elementor-spacer-inner\"><\/div>\n\t\t<\/div>\n\t\t\t\t<\/div>\n\t\t\t\t<\/div>\n\t\t\t\t\t<\/div>\n\t\t<\/div>\n\t\t\t\t\t<\/div>\n\t\t<\/section>\n\t\t\t\t<\/div>\n\t\t","protected":false},"excerpt":{"rendered":"<p>Mentions l\u00e9gales L&#8217;atelier de Tom Directeur de publication :\u00a0Mr Durand ThomasN\u00b0 siren : 853 964 179 &#8211; Commerce et r\u00e9paration de motocycles (4540Z) Site web: www.latelierdetom.frEmail: contact@latelierdetom.comNum\u00e9ro de t\u00e9l\u00e9phone : +33(0)9.83.05.95.18Adresse :\u00a03, rue du Menhir &#8211; 29120 Pont l&#8217;Abb\u00e9 H\u00e9bergement : Ce site est h\u00e9berg\u00e9 par la soci\u00e9t\u00e9 OVH :\u00a0http:\/\/www.ovh.comLe nom de domaine est h\u00e9berg\u00e9 par la soci\u00e9t\u00e9 OVH :\u00a0http:\/\/www.ovh.comOVH SAS au capital de 10 069 020 \u20ac RCS Lille M\u00e9tropole 424 761 419 00045Si\u00e8ge social : 2 rue Kellermann &#8211; 59100 Roubaix &#8211; France. Conditions d&#8217;utilisation : Le site accessible par l&#8217;url suivante :\u00a0https:\/\/latelierdetom.fr est exploit\u00e9 dans le respect de la l\u00e9gislation fran\u00e7aise.L&#8217;utilisation de ce site est r\u00e9gie par les pr\u00e9sentes conditions g\u00e9n\u00e9rales.En utilisant le site, vous reconnaissez avoir pris connaissance de ces conditions et les avoir accept\u00e9es.Celles-ci pourront \u00eatres modifi\u00e9es \u00e0 tout moment et sans pr\u00e9avis par la soci\u00e9t\u00e9 L&#8217;atelier de Tom.L&#8217;atelier de Tom ne saurait \u00eatre tenue pour responsable en aucune mani\u00e8re d\u2019une mauvaise utilisation du service. L&#8217;atelier de Tom<\/p>\n","protected":false},"author":1,"featured_media":0,"parent":0,"menu_order":0,"comment_status":"closed","ping_status":"closed","template":"","meta":{"_themeisle_gutenberg_block_has_review":false,"footnotes":""},"class_list":["post-73","page","type-page","status-publish","hentry"],"yoast_head":"<!-- This site is optimized with the Yoast SEO plugin v27.5 - https:\/\/yoast.com\/product\/yoast-seo-wordpress\/ -->\n<title>Mentions l\u00e9gales - L&#039;atelier de Tom<\/title>\n<meta name=\"robots\" content=\"index, follow, max-snippet:-1, max-image-preview:large, max-video-preview:-1\" \/>\n<link rel=\"canonical\" href=\"https:\/\/latelierdetom.fr\/index.php\/mentions\/\" \/>\n<meta property=\"og:locale\" content=\"en_US\" \/>\n<meta property=\"og:type\" content=\"article\" \/>\n<meta property=\"og:title\" content=\"Mentions l\u00e9gales - L&#039;atelier de Tom\" \/>\n<meta property=\"og:description\" content=\"Mentions l\u00e9gales L&#8217;atelier de Tom Directeur de publication :\u00a0Mr Durand ThomasN\u00b0 siren : 853 964 179 &#8211; Commerce et r\u00e9paration de motocycles (4540Z) Site web: www.latelierdetom.frEmail: contact@latelierdetom.comNum\u00e9ro de t\u00e9l\u00e9phone : +33(0)9.83.05.95.18Adresse :\u00a03, rue du Menhir &#8211; 29120 Pont l&#8217;Abb\u00e9 H\u00e9bergement : Ce site est h\u00e9berg\u00e9 par la soci\u00e9t\u00e9 OVH :\u00a0http:\/\/www.ovh.comLe nom de domaine est h\u00e9berg\u00e9 par la soci\u00e9t\u00e9 OVH :\u00a0http:\/\/www.ovh.comOVH SAS au capital de 10 069 020 \u20ac RCS Lille M\u00e9tropole 424 761 419 00045Si\u00e8ge social : 2 rue Kellermann &#8211; 59100 Roubaix &#8211; France. Conditions d&#8217;utilisation : Le site accessible par l&#8217;url suivante :\u00a0https:\/\/latelierdetom.fr est exploit\u00e9 dans le respect de la l\u00e9gislation fran\u00e7aise.L&#8217;utilisation de ce site est r\u00e9gie par les pr\u00e9sentes conditions g\u00e9n\u00e9rales.En utilisant le site, vous reconnaissez avoir pris connaissance de ces conditions et les avoir accept\u00e9es.Celles-ci pourront \u00eatres modifi\u00e9es \u00e0 tout moment et sans pr\u00e9avis par la soci\u00e9t\u00e9 L&#8217;atelier de Tom.L&#8217;atelier de Tom ne saurait \u00eatre tenue pour responsable en aucune mani\u00e8re d\u2019une mauvaise utilisation du service. L&#8217;atelier de Tom\" \/>\n<meta property=\"og:url\" content=\"https:\/\/latelierdetom.fr\/index.php\/mentions\/\" \/>\n<meta property=\"og:site_name\" content=\"L&#039;atelier de Tom\" \/>\n<meta property=\"article:publisher\" content=\"https:\/\/www.facebook.com\/p\/LAtelier-de-Tom-100042048775559\/\" \/>\n<meta property=\"article:modified_time\" content=\"2024-08-07T10:21:40+00:00\" \/>\n<meta name=\"twitter:card\" content=\"summary_large_image\" \/>\n<meta name=\"twitter:label1\" content=\"Est. reading time\" \/>\n\t<meta name=\"twitter:data1\" content=\"1 minute\" \/>\n<script type=\"application\/ld+json\" class=\"yoast-schema-graph\">{\"@context\":\"https:\\\/\\\/schema.org\",\"@graph\":[{\"@type\":\"WebPage\",\"@id\":\"https:\\\/\\\/latelierdetom.fr\\\/index.php\\\/mentions\\\/\",\"url\":\"https:\\\/\\\/latelierdetom.fr\\\/index.php\\\/mentions\\\/\",\"name\":\"Mentions l\u00e9gales - L&#039;atelier de Tom\",\"isPartOf\":{\"@id\":\"https:\\\/\\\/latelierdetom.fr\\\/#website\"},\"datePublished\":\"2018-10-23T08:32:35+00:00\",\"dateModified\":\"2024-08-07T10:21:40+00:00\",\"breadcrumb\":{\"@id\":\"https:\\\/\\\/latelierdetom.fr\\\/index.php\\\/mentions\\\/#breadcrumb\"},\"inLanguage\":\"en-US\",\"potentialAction\":[{\"@type\":\"ReadAction\",\"target\":[\"https:\\\/\\\/latelierdetom.fr\\\/index.php\\\/mentions\\\/\"]}]},{\"@type\":\"BreadcrumbList\",\"@id\":\"https:\\\/\\\/latelierdetom.fr\\\/index.php\\\/mentions\\\/#breadcrumb\",\"itemListElement\":[{\"@type\":\"ListItem\",\"position\":1,\"name\":\"Accueil\",\"item\":\"https:\\\/\\\/latelierdetom.fr\\\/\"},{\"@type\":\"ListItem\",\"position\":2,\"name\":\"Mentions l\u00e9gales\"}]},{\"@type\":\"WebSite\",\"@id\":\"https:\\\/\\\/latelierdetom.fr\\\/#website\",\"url\":\"https:\\\/\\\/latelierdetom.fr\\\/\",\"name\":\"L'atelier de Tom\",\"description\":\"\",\"publisher\":{\"@id\":\"https:\\\/\\\/latelierdetom.fr\\\/#organization\"},\"potentialAction\":[{\"@type\":\"SearchAction\",\"target\":{\"@type\":\"EntryPoint\",\"urlTemplate\":\"https:\\\/\\\/latelierdetom.fr\\\/?s={search_term_string}\"},\"query-input\":{\"@type\":\"PropertyValueSpecification\",\"valueRequired\":true,\"valueName\":\"search_term_string\"}}],\"inLanguage\":\"en-US\"},{\"@type\":\"Organization\",\"@id\":\"https:\\\/\\\/latelierdetom.fr\\\/#organization\",\"name\":\"L'atelier de Tom\",\"url\":\"https:\\\/\\\/latelierdetom.fr\\\/\",\"logo\":{\"@type\":\"ImageObject\",\"inLanguage\":\"en-US\",\"@id\":\"https:\\\/\\\/latelierdetom.fr\\\/#\\\/schema\\\/logo\\\/image\\\/\",\"url\":\"http:\\\/\\\/latelierdetom.fr\\\/wp-content\\\/uploads\\\/2024\\\/07\\\/logo-tom-28cmnoir-1-scaled.jpeg\",\"contentUrl\":\"http:\\\/\\\/latelierdetom.fr\\\/wp-content\\\/uploads\\\/2024\\\/07\\\/logo-tom-28cmnoir-1-scaled.jpeg\",\"width\":2555,\"height\":2560,\"caption\":\"L'atelier de Tom\"},\"image\":{\"@id\":\"https:\\\/\\\/latelierdetom.fr\\\/#\\\/schema\\\/logo\\\/image\\\/\"},\"sameAs\":[\"https:\\\/\\\/www.facebook.com\\\/p\\\/LAtelier-de-Tom-100042048775559\\\/\"]}]}<\/script>\n<!-- \/ Yoast SEO plugin. -->","yoast_head_json":{"title":"Mentions l\u00e9gales - L&#039;atelier de Tom","robots":{"index":"index","follow":"follow","max-snippet":"max-snippet:-1","max-image-preview":"max-image-preview:large","max-video-preview":"max-video-preview:-1"},"canonical":"https:\/\/latelierdetom.fr\/index.php\/mentions\/","og_locale":"en_US","og_type":"article","og_title":"Mentions l\u00e9gales - L&#039;atelier de Tom","og_description":"Mentions l\u00e9gales L&#8217;atelier de Tom Directeur de publication :\u00a0Mr Durand ThomasN\u00b0 siren : 853 964 179 &#8211; Commerce et r\u00e9paration de motocycles (4540Z) Site web: www.latelierdetom.frEmail: contact@latelierdetom.comNum\u00e9ro de t\u00e9l\u00e9phone : +33(0)9.83.05.95.18Adresse :\u00a03, rue du Menhir &#8211; 29120 Pont l&#8217;Abb\u00e9 H\u00e9bergement : Ce site est h\u00e9berg\u00e9 par la soci\u00e9t\u00e9 OVH :\u00a0http:\/\/www.ovh.comLe nom de domaine est h\u00e9berg\u00e9 par la soci\u00e9t\u00e9 OVH :\u00a0http:\/\/www.ovh.comOVH SAS au capital de 10 069 020 \u20ac RCS Lille M\u00e9tropole 424 761 419 00045Si\u00e8ge social : 2 rue Kellermann &#8211; 59100 Roubaix &#8211; France. Conditions d&#8217;utilisation : Le site accessible par l&#8217;url suivante :\u00a0https:\/\/latelierdetom.fr est exploit\u00e9 dans le respect de la l\u00e9gislation fran\u00e7aise.L&#8217;utilisation de ce site est r\u00e9gie par les pr\u00e9sentes conditions g\u00e9n\u00e9rales.En utilisant le site, vous reconnaissez avoir pris connaissance de ces conditions et les avoir accept\u00e9es.Celles-ci pourront \u00eatres modifi\u00e9es \u00e0 tout moment et sans pr\u00e9avis par la soci\u00e9t\u00e9 L&#8217;atelier de Tom.L&#8217;atelier de Tom ne saurait \u00eatre tenue pour responsable en aucune mani\u00e8re d\u2019une mauvaise utilisation du service. L&#8217;atelier de Tom","og_url":"https:\/\/latelierdetom.fr\/index.php\/mentions\/","og_site_name":"L&#039;atelier de Tom","article_publisher":"https:\/\/www.facebook.com\/p\/LAtelier-de-Tom-100042048775559\/","article_modified_time":"2024-08-07T10:21:40+00:00","twitter_card":"summary_large_image","twitter_misc":{"Est. reading time":"1 minute"},"schema":{"@context":"https:\/\/schema.org","@graph":[{"@type":"WebPage","@id":"https:\/\/latelierdetom.fr\/index.php\/mentions\/","url":"https:\/\/latelierdetom.fr\/index.php\/mentions\/","name":"Mentions l\u00e9gales - L&#039;atelier de Tom","isPartOf":{"@id":"https:\/\/latelierdetom.fr\/#website"},"datePublished":"2018-10-23T08:32:35+00:00","dateModified":"2024-08-07T10:21:40+00:00","breadcrumb":{"@id":"https:\/\/latelierdetom.fr\/index.php\/mentions\/#breadcrumb"},"inLanguage":"en-US","potentialAction":[{"@type":"ReadAction","target":["https:\/\/latelierdetom.fr\/index.php\/mentions\/"]}]},{"@type":"BreadcrumbList","@id":"https:\/\/latelierdetom.fr\/index.php\/mentions\/#breadcrumb","itemListElement":[{"@type":"ListItem","position":1,"name":"Accueil","item":"https:\/\/latelierdetom.fr\/"},{"@type":"ListItem","position":2,"name":"Mentions l\u00e9gales"}]},{"@type":"WebSite","@id":"https:\/\/latelierdetom.fr\/#website","url":"https:\/\/latelierdetom.fr\/","name":"L'atelier de Tom","description":"","publisher":{"@id":"https:\/\/latelierdetom.fr\/#organization"},"potentialAction":[{"@type":"SearchAction","target":{"@type":"EntryPoint","urlTemplate":"https:\/\/latelierdetom.fr\/?s={search_term_string}"},"query-input":{"@type":"PropertyValueSpecification","valueRequired":true,"valueName":"search_term_string"}}],"inLanguage":"en-US"},{"@type":"Organization","@id":"https:\/\/latelierdetom.fr\/#organization","name":"L'atelier de Tom","url":"https:\/\/latelierdetom.fr\/","logo":{"@type":"ImageObject","inLanguage":"en-US","@id":"https:\/\/latelierdetom.fr\/#\/schema\/logo\/image\/","url":"http:\/\/latelierdetom.fr\/wp-content\/uploads\/2024\/07\/logo-tom-28cmnoir-1-scaled.jpeg","contentUrl":"http:\/\/latelierdetom.fr\/wp-content\/uploads\/2024\/07\/logo-tom-28cmnoir-1-scaled.jpeg","width":2555,"height":2560,"caption":"L'atelier de Tom"},"image":{"@id":"https:\/\/latelierdetom.fr\/#\/schema\/logo\/image\/"},"sameAs":["https:\/\/www.facebook.com\/p\/LAtelier-de-Tom-100042048775559\/"]}]}},"_links":{"self":[{"href":"https:\/\/latelierdetom.fr\/index.php\/wp-json\/wp\/v2\/pages\/73","targetHints":{"allow":["GET"]}}],"collection":[{"href":"https:\/\/latelierdetom.fr\/index.php\/wp-json\/wp\/v2\/pages"}],"about":[{"href":"https:\/\/latelierdetom.fr\/index.php\/wp-json\/wp\/v2\/types\/page"}],"author":[{"embeddable":true,"href":"https:\/\/latelierdetom.fr\/index.php\/wp-json\/wp\/v2\/users\/1"}],"replies":[{"embeddable":true,"href":"https:\/\/latelierdetom.fr\/index.php\/wp-json\/wp\/v2\/comments?post=73"}],"version-history":[{"count":16,"href":"https:\/\/latelierdetom.fr\/index.php\/wp-json\/wp\/v2\/pages\/73\/revisions"}],"predecessor-version":[{"id":1281,"href":"https:\/\/latelierdetom.fr\/index.php\/wp-json\/wp\/v2\/pages\/73\/revisions\/1281"}],"wp:attachment":[{"href":"https:\/\/latelierdetom.fr\/index.php\/wp-json\/wp\/v2\/media?parent=73"}],"curies":[{"name":"wp","href":"https:\/\/api.w.org\/{rel}","templated":true}]}}